{"id":19159,"date":"2021-05-05T14:51:14","date_gmt":"2021-05-05T14:51:14","guid":{"rendered":"https:\/\/help.helpbee-immobilienmarketing.de\/?page_id=19159"},"modified":"2021-05-05T14:51:14","modified_gmt":"2021-05-05T14:51:14","slug":"impressum","status":"publish","type":"page","link":"https:\/\/help.helpbee-immobilienmarketing.de\/?page_id=19159","title":{"rendered":"Impressum"},"content":{"rendered":"<p>[et_pb_section fb_built=&#8220;1&#8243; _builder_version=&#8220;4.9.4&#8243; _module_preset=&#8220;default&#8220;][et_pb_row _builder_version=&#8220;4.9.4&#8243; _module_preset=&#8220;default&#8220;][et_pb_column _builder_version=&#8220;4.9.4&#8243; _module_preset=&#8220;default&#8220; type=&#8220;4_4&#8243;][et_pb_text _builder_version=&#8220;4.9.4&#8243; _module_preset=&#8220;default&#8220; hover_enabled=&#8220;0&#8243; sticky_enabled=&#8220;0&#8243;]<\/p>\n<div class=\"et_pb_module et_pb_text et_pb_text_0  et_pb_text_align_left et_pb_bg_layout_light\">\n<div class=\"et_pb_text_inner\">\n<h1 class=\"font_0\" style=\"text-align: center; font-size: 23px;\"><span style=\"font-family: poppins-semibold,poppins,sans-serif;\">IMPRESSUM<\/span><\/h1>\n<p class=\"font_8\" style=\"text-align: center; font-size: 14px;\"><span style=\"font-family: poppins-extralight,poppins,sans-serif;\">Impressum<\/span><\/p>\n<p class=\"font_8\" style=\"text-align: center; font-size: 14px;\"><span style=\"font-family: poppins-extralight,poppins,sans-serif;\">Angaben gem\u00e4\u00df \u00a7 5 TMG<\/span><\/p>\n<p class=\"font_8\" style=\"text-align: center; font-size: 14px;\"><span style=\"font-family: poppins-extralight,poppins,sans-serif;\">\u200b<\/span><span style=\"font-family: poppins-extralight,poppins,sans-serif;\">HelpBEE Immobilienmarketing<br \/><\/span><\/p>\n<p class=\"font_8\" style=\"text-align: center; font-size: 14px;\"><span style=\"font-family: poppins-extralight,poppins,sans-serif;\">HelpBEE<\/span><\/p>\n<p class=\"font_8\" style=\"text-align: center; font-size: 14px;\"><span style=\"font-family: poppins-extralight,poppins,sans-serif;\">Kristin J\u00e4ger<\/span><\/p>\n<p class=\"font_8\" style=\"text-align: center; font-size: 14px;\"><span style=\"font-family: poppins-extralight,poppins,sans-serif;\">Rudolf-Breitscheid-Allee 60<\/span><\/p>\n<p class=\"font_8\" style=\"text-align: center; font-size: 14px;\"><span style=\"font-family: poppins-extralight,poppins,sans-serif;\">15366 Neuenhagen<\/span><\/p>\n<p class=\"font_8\" style=\"text-align: center; font-size: 14px;\">Erlaubnis gem\u00e4\u00df 34c Gewerbeordnung(GewO)<br \/>Gemeinde Neuenhagen bei Berlin<\/p>\n<p class=\"font_8\" style=\"text-align: center; font-size: 14px;\">(zur Vermittlung des Abschlusses und zum Nachweis der Gelegenheit zum Abschluss von Vertr\u00e4gen \u00fcber Grundst\u00fccke, grundst\u00fccksgleiche Rechte, Wohnr\u00e4ume und gewerbliche R\u00e4ume durch die Gemeinde Neuenhagen bei Berlin)<\/p>\n<p class=\"font_8\" style=\"text-align: center; font-size: 14px;\">Zulassung nach \u00a734c GewO erteilt am 10.11.2020<\/p>\n<p class=\"font_8\" style=\"text-align: center; font-size: 14px;\"><span style=\"font-family: poppins-extralight,poppins,sans-serif;\">Kontakt<\/span><\/p>\n<p class=\"font_8\" style=\"text-align: center; font-size: 14px;\"><span style=\"font-family: poppins-extralight,poppins,sans-serif;\">Telefon: +49 (0) 3342 42 44 111<\/span><\/p>\n<p class=\"font_8\" style=\"text-align: center; font-size: 14px;\"><span style=\"font-family: poppins-extralight,poppins,sans-serif;\">\u200b<\/span><span style=\"font-family: poppins-extralight,poppins,sans-serif;\">E-Mail:<\/span><\/p>\n<div class=\"fluid-width-video-wrapper\" style=\"padding-top: 0%;\"><object name=\"fitvid0\"><a data-auto-recognition=\"true\" href=\"mailto:info@helpbee.de\">info@helpbee.de<\/a><\/object><\/div>\n<p class=\"font_8\" style=\"text-align: center; font-size: 14px;\"><span style=\"font-family: poppins-extralight,poppins,sans-serif;\">Umsatzsteuer-ID Umsatzsteuer-Identifikationsnummer gem\u00e4\u00df \u00a7 27 a Umsatzsteuergesetz: beantragt<\/span><\/p>\n<p class=\"font_8\" style=\"text-align: center; font-size: 14px;\"><span style=\"font-family: poppins-extralight,poppins,sans-serif;\">Verantwortlich f\u00fcr den Inhalt nach \u00a7 55 Abs. 2 RStV<\/span><\/p>\n<p class=\"font_8\" style=\"text-align: center; font-size: 14px;\"><span style=\"font-family: poppins-extralight,poppins,sans-serif;\">Kristin J\u00e4ger<\/span><\/p>\n<p class=\"font_8\" style=\"text-align: center; font-size: 14px;\"><span style=\"font-family: poppins-extralight,poppins,sans-serif;\">Rudolf-Breitscheid-Allee 60<\/span><\/p>\n<p class=\"font_8\" style=\"text-align: center; font-size: 14px;\"><span style=\"font-family: poppins-extralight,poppins,sans-serif;\">15366 Neuenhagen<\/span><span style=\"font-family: poppins-extralight,poppins,sans-serif;\"><\/span><\/p>\n<p class=\"font_8\" style=\"text-align: center; font-size: 14px;\"><span style=\"font-family: poppins-extralight,poppins,sans-serif;\">EU-Streitschlichtung Die Europ\u00e4ische Kommission stellt eine Plattform zur Online-Streitbeilegung (OS) bereit:<\/span><\/p>\n<p class=\"font_8\" style=\"text-align: center; font-size: 14px;\"><span style=\"font-family: poppins-extralight,poppins,sans-serif;\">\u200b<\/span><\/p>\n<p class=\"font_8\" style=\"text-align: center; font-size: 14px;\"><span style=\"font-family: poppins-extralight,poppins,sans-serif;\"><span style=\"text-decoration: underline;\"><a href=\"https:\/\/ec.europa.eu\/consumers\/odr\" target=\"_blank\" rel=\"noopener\">https:\/\/ec.europa.eu\/consumers\/odr<\/a><\/span><\/span><\/p>\n<p class=\"font_8\" style=\"text-align: center; font-size: 14px;\"><span style=\"font-family: poppins-extralight,poppins,sans-serif;\">Unsere E-Mail-Adresse finden Sie oben im Impressum.<\/span><\/p>\n<p class=\"font_8\" style=\"text-align: center; font-size: 14px;\"><span style=\"font-family: poppins-extralight,poppins,sans-serif;\">\u200b<\/span><\/p>\n<p class=\"font_8\" style=\"text-align: center; font-size: 14px;\"><span style=\"font-family: poppins-extralight,poppins,sans-serif;\">Verbraucherstreitbeilegung\/Universalschlichtungsstelle<\/span><\/p>\n<p class=\"font_8\" style=\"text-align: center; font-size: 14px;\"><span style=\"font-family: poppins-extralight,poppins,sans-serif;\">Wir sind nicht bereit oder verpflichtet, an Streitbeilegungsverfahren vor einer Verbraucherschlichtungsstelle teilzunehmen.<\/span><\/p>\n<p class=\"font_8\" style=\"text-align: center; font-size: 14px;\"><span style=\"font-family: poppins-extralight,poppins,sans-serif;\">Haftung f\u00fcr Inhalte<\/span><\/p>\n<p class=\"font_8\" style=\"text-align: center; font-size: 14px;\"><span style=\"font-family: poppins-extralight,poppins,sans-serif;\">Als Diensteanbieter sind wir gem\u00e4\u00df \u00a7 7 Abs.1 TMG f\u00fcr eigene Inhalte auf diesen Seiten nach den allgemeinen Gesetzen verantwortlich. Nach \u00a7\u00a7 8 bis 10 TMG sind wir als Diensteanbieter jedoch nicht verpflichtet, \u00fcbermittelte oder gespeicherte fremde Informationen zu \u00fcberwachen oder nach Umst\u00e4nden zu forschen, die auf eine rechtswidrige T\u00e4tigkeit hinweisen. Verpflichtungen zur Entfernung oder Sperrung der Nutzung von Informationen nach den allgemeinen Gesetzen bleiben hiervon unber\u00fchrt. Eine diesbez\u00fcgliche Haftung ist jedoch erst ab dem Zeitpunkt der Kenntnis einer konkreten Rechtsverletzung m\u00f6glich. Bei Bekanntwerden von entsprechenden Rechtsverletzungen werden wir diese Inhalte umgehend entfernen.<\/span><\/p>\n<p class=\"font_8\" style=\"text-align: center; font-size: 14px;\"><span style=\"font-family: poppins-extralight,poppins,sans-serif;\">Haftung f\u00fcr Links<\/span><\/p>\n<p class=\"font_8\" style=\"text-align: center; font-size: 14px;\"><span style=\"font-family: poppins-extralight,poppins,sans-serif;\">Unser Angebot enth\u00e4lt Links zu externen Websites Dritter, auf deren Inhalte wir keinen Einfluss haben. Deshalb k\u00f6nnen wir f\u00fcr diese fremden Inhalte auch keine Gew\u00e4hr \u00fcbernehmen. F\u00fcr die Inhalte der verlinkten Seiten ist stets der jeweilige Anbieter oder Betreiber der Seiten verantwortlich. Die verlinkten Seiten wurden zum Zeitpunkt der Verlinkung auf m\u00f6gliche Rechtsverst\u00f6\u00dfe \u00fcberpr\u00fcft. Rechtswidrige Inhalte waren zum Zeitpunkt der Verlinkung nicht erkennbar. Eine permanente inhaltliche Kontrolle der verlinkten Seiten ist jedoch ohne konkrete Anhaltspunkte einer Rechtsverletzung nicht zumutbar. Bei Bekanntwerden von Rechtsverletzungen werden wir derartige Links umgehend entfernen.<\/span><\/p>\n<p class=\"font_8\" style=\"text-align: center; font-size: 14px;\"><span style=\"font-family: poppins-extralight,poppins,sans-serif;\">Urheberrecht<\/span><\/p>\n<p class=\"font_8\" style=\"text-align: center; font-size: 14px;\"><span style=\"font-family: poppins-extralight,poppins,sans-serif;\">Die durch die Seitenbetreiber erstellten Inhalte und Werke auf diesen Seiten unterliegen dem deutschen Urheberrecht. Die Vervielf\u00e4ltigung, Bearbeitung, Verbreitung und jede Art der Verwertung au\u00dferhalb der Grenzen des Urheberrechtes bed\u00fcrfen der schriftlichen Zustimmung des jeweiligen Autors bzw. Erstellers. Downloads und Kopien dieser Seite sind nur f\u00fcr den privaten, nicht kommerziellen Gebrauch gestattet. Soweit die Inhalte auf dieser Seite nicht vom Betreiber erstellt wurden, werden die Urheberrechte Dritter beachtet. Insbesondere werden Inhalte Dritter als solche gekennzeichnet. Sollten Sie trotzdem auf eine Urheberrechtsverletzung aufmerksam werden, bitten wir um einen entsprechenden Hinweis. Bei Bekanntwerden von Rechtsverletzungen werden wir derartige Inhalte umgehend entfernen.<\/span><\/p>\n<p class=\"font_8\" style=\"text-align: center; font-size: 14px;\"><span style=\"font-family: poppins-extralight,poppins,sans-serif;\">\u200b<\/span><\/p>\n<h1 class=\"font_0\" style=\"text-align: center; font-size: 23px;\"><span style=\"font-family: futura-lt-w01-light,sans-serif;\"><span class=\"wixGuard\">\u200b<\/span><\/span><\/h1>\n<\/div>\n<\/div>\n<p>[\/et_pb_text][\/et_pb_column][\/et_pb_row][\/et_pb_section][et_pb_section fb_built=&#8220;1&#8243; _builder_version=&#8220;4.9.4&#8243; _module_preset=&#8220;default&#8220; global_module=&#8220;19153&#8243;][et_pb_row column_structure=&#8220;1_3,1_3,1_3&#8243; _builder_version=&#8220;4.9.4&#8243; _module_preset=&#8220;default&#8220;][et_pb_column type=&#8220;1_3&#8243; _builder_version=&#8220;4.9.4&#8243; _module_preset=&#8220;default&#8220;][et_pb_image src=&#8220;https:\/\/help.helpbee-immobilienmarketing.de\/wp-content\/uploads\/2021\/05\/logo-HelpBee-immo-2.png&#8220; title_text=&#8220;logo HelpBee immo (2)&#8220; align=&#8220;center&#8220; _builder_version=&#8220;4.9.4&#8243; _module_preset=&#8220;default&#8220;][\/et_pb_image][\/et_pb_column][et_pb_column type=&#8220;1_3&#8243; _builder_version=&#8220;4.9.4&#8243; _module_preset=&#8220;default&#8220;][et_pb_cta title=&#8220;HelpBEE Immobilienmarketing&#8220; _builder_version=&#8220;4.9.4&#8243; _module_preset=&#8220;default&#8220; header_font=&#8220;Open Sans|700|||||||&#8220; header_text_align=&#8220;left&#8220; header_text_color=&#8220;#000000&#8243; header_font_size=&#8220;20px&#8220; header_line_height=&#8220;1.5em&#8220; body_font=&#8220;Lato||||||||&#8220; body_text_align=&#8220;left&#8220; body_text_color=&#8220;#000000&#8243; background_color=&#8220;#FFFFFF&#8220;]<\/p>\n<p>Kristin J\u00e4ger<br \/>Rudolf-Breitscheid-Allee 60<br \/>15366 Neuenhagen<\/p>\n<p>[\/et_pb_cta][\/et_pb_column][et_pb_column type=&#8220;1_3&#8243; _builder_version=&#8220;4.9.4&#8243; _module_preset=&#8220;default&#8220;][et_pb_cta title=&#8220;Kontakt&#8220; _builder_version=&#8220;4.9.4&#8243; _module_preset=&#8220;default&#8220; header_font=&#8220;Open Sans|700|||||||&#8220; header_text_align=&#8220;left&#8220; header_text_color=&#8220;#000000&#8243; body_font=&#8220;Lato||||||||&#8220; body_text_align=&#8220;left&#8220; body_text_color=&#8220;#000000&#8243; background_color=&#8220;#FFFFFF&#8220;]<\/p>\n<p>Telefon: <a href=\"tel:+49%33424244111\">+49 3342 42 44 111<\/a><\/p>\n<p>Email: <a href=\"mailto:info@helpbee.de\">info@helpbee.de <\/a><\/p>\n<p>Mobil: <a href=\"+49%33424244111\">+49 177 88 202 17<\/a><\/p>\n<p>[\/et_pb_cta][\/et_pb_column][\/et_pb_row][\/et_pb_section]<\/p>\n","protected":false},"excerpt":{"rendered":"<p>IMPRESSUM Impressum Angaben gem\u00e4\u00df \u00a7 5 TMG \u200bHelpBEE Immobilienmarketing HelpBEE Kristin J\u00e4ger Rudolf-Breitscheid-Allee 60 15366 Neuenhagen Erlaubnis gem\u00e4\u00df 34c Gewerbeordnung(GewO)Gemeinde Neuenhagen bei Berlin (zur Vermittlung des Abschlusses und zum Nachweis der Gelegenheit zum Abschluss von Vertr\u00e4gen \u00fcber Grundst\u00fccke, grundst\u00fccksgleiche Rechte, Wohnr\u00e4ume und gewerbliche R\u00e4ume durch die Gemeinde Neuenhagen bei Berlin) Zulassung nach \u00a734c GewO erteilt am 10.11.2020 Kontakt Telefon: +49 (0) 3342 42 44 111 \u200bE-Mail: info@helpbee.de Umsatzsteuer-ID Umsatzsteuer-Identifikationsnummer gem\u00e4\u00df \u00a7 27 a Umsatzsteuergesetz: beantragt Verantwortlich f\u00fcr den Inhalt nach \u00a7 55 Abs. 2 RStV Kristin J\u00e4ger Rudolf-Breitscheid-Allee 60 15366 Neuenhagen EU-Streitschlichtung Die Europ\u00e4ische Kommission stellt eine Plattform zur Online-Streitbeilegung (OS) bereit: \u200b https:\/\/ec.europa.eu\/consumers\/odr Unsere E-Mail-Adresse finden Sie oben im Impressum. \u200b Verbraucherstreitbeilegung\/Universalschlichtungsstelle Wir sind nicht bereit oder verpflichtet, an Streitbeilegungsverfahren vor einer Verbraucherschlichtungsstelle teilzunehmen. Haftung f\u00fcr Inhalte Als Diensteanbieter sind wir gem\u00e4\u00df \u00a7 7 Abs.1 TMG f\u00fcr eigene Inhalte auf diesen Seiten nach den allgemeinen Gesetzen verantwortlich. Nach \u00a7\u00a7 8 bis 10 TMG sind wir als Diensteanbieter jedoch nicht verpflichtet, \u00fcbermittelte oder gespeicherte fremde Informationen zu \u00fcberwachen oder nach Umst\u00e4nden zu forschen, die auf eine rechtswidrige T\u00e4tigkeit hinweisen. Verpflichtungen zur Entfernung oder Sperrung der Nutzung von Informationen nach den allgemeinen Gesetzen bleiben hiervon unber\u00fchrt. Eine diesbez\u00fcgliche Haftung ist jedoch [&hellip;]<\/p>\n","protected":false},"author":1,"featured_media":0,"parent":0,"menu_order":0,"comment_status":"closed","ping_status":"closed","template":"","meta":{"_et_pb_use_builder":"on","_et_pb_old_content":"","_et_gb_content_width":"","footnotes":""},"class_list":["post-19159","page","type-page","status-publish","hentry"],"_links":{"self":[{"href":"https:\/\/help.helpbee-immobilienmarketing.de\/index.php?rest_route=\/wp\/v2\/pages\/19159","targetHints":{"allow":["GET"]}}],"collection":[{"href":"https:\/\/help.helpbee-immobilienmarketing.de\/index.php?rest_route=\/wp\/v2\/pages"}],"about":[{"href":"https:\/\/help.helpbee-immobilienmarketing.de\/index.php?rest_route=\/wp\/v2\/types\/page"}],"author":[{"embeddable":true,"href":"https:\/\/help.helpbee-immobilienmarketing.de\/index.php?rest_route=\/wp\/v2\/users\/1"}],"replies":[{"embeddable":true,"href":"https:\/\/help.helpbee-immobilienmarketing.de\/index.php?rest_route=%2Fwp%2Fv2%2Fcomments&post=19159"}],"version-history":[{"count":2,"href":"https:\/\/help.helpbee-immobilienmarketing.de\/index.php?rest_route=\/wp\/v2\/pages\/19159\/revisions"}],"predecessor-version":[{"id":19162,"href":"https:\/\/help.helpbee-immobilienmarketing.de\/index.php?rest_route=\/wp\/v2\/pages\/19159\/revisions\/19162"}],"wp:attachment":[{"href":"https:\/\/help.helpbee-immobilienmarketing.de\/index.php?rest_route=%2Fwp%2Fv2%2Fmedia&parent=19159"}],"curies":[{"name":"wp","href":"https:\/\/api.w.org\/{rel}","templated":true}]}}