{"id":19163,"date":"2021-05-05T14:54:39","date_gmt":"2021-05-05T14:54:39","guid":{"rendered":"https:\/\/help.helpbee-immobilienmarketing.de\/?page_id=19163"},"modified":"2021-05-05T14:54:39","modified_gmt":"2021-05-05T14:54:39","slug":"datenschutz","status":"publish","type":"page","link":"https:\/\/help.helpbee-immobilienmarketing.de\/?page_id=19163","title":{"rendered":"Datenschutz"},"content":{"rendered":"<p>[et_pb_section fb_built=&#8220;1&#8243; _builder_version=&#8220;4.9.4&#8243; _module_preset=&#8220;default&#8220;][et_pb_row _builder_version=&#8220;4.9.4&#8243; _module_preset=&#8220;default&#8220;][et_pb_column _builder_version=&#8220;4.9.4&#8243; _module_preset=&#8220;default&#8220; type=&#8220;4_4&#8243;][et_pb_text _builder_version=&#8220;4.9.4&#8243; _module_preset=&#8220;default&#8220; hover_enabled=&#8220;0&#8243; sticky_enabled=&#8220;0&#8243;]<\/p>\n<h1 class=\"font_0\" style=\"text-align: center; font-size: 23px;\"><span style=\"font-family: poppins-semibold,poppins,sans-serif;\">DATENSCHUTZ<\/span><\/h1>\n<h1 class=\"font_0\" style=\"text-align: center; font-size: 23px;\"><span style=\"font-family: playfairdisplay-bold,playfair display,serif;\"><span class=\"wixGuard\">\u200b<\/span><\/span><\/h1>\n<p class=\"font_8\" style=\"text-align: center; font-size: 14px;\"><span style=\"font-family: poppins-extralight,poppins,sans-serif;\">Wir nehmen den Datenschutz sehr ernst. Ihre personenbezogenen Daten behandeln wir entsprechend der gesetzlichen Vorschriften vertraulich. Mit dieser Datenschutzerkl\u00e4rung m\u00f6chten wir Sie dar\u00fcber informieren, wie, warum und in welchem Umfang personenbezogene Daten durch den Betreiber dieser Website erhoben werden. Dabei gilt diese Datenschutzerkl\u00e4rung unabh\u00e4ngig davon, wie diese Website aufgerufen wird (verwendete Domains, Systeme, Plattformen und Ger\u00e4te, zum Beispiel Desktop oder Mobile).<\/span><\/p>\n<p class=\"font_8\" style=\"text-align: center; font-size: 14px;\"><span style=\"font-family: poppins-extralight,poppins,sans-serif;\">Die Nutzung unserer Webseite ist in der Regel ohne Angabe personenbezogener Daten m\u00f6glich. Soweit auf unseren Seiten personenbezogene Daten (beispielsweise Name, Anschrift oder eMail-Adressen) erhoben werden, erfolgt dies, soweit m\u00f6glich, stets auf freiwilliger Basis. Diese Daten werden ohne Ihre ausdr\u00fcckliche Zustimmung nicht an Dritte weitergegeben.<\/span><\/p>\n<p class=\"font_8\" style=\"text-align: center; font-size: 14px;\"><span style=\"font-family: poppins-extralight,poppins,sans-serif;\">\u200b<\/span><\/p>\n<p class=\"font_8\" style=\"text-align: center; font-size: 14px;\"><span style=\"font-family: poppins-extralight,poppins,sans-serif;\">Wir weisen darauf hin, dass die Daten\u00fcbertragung im Internet (z.B. bei der Kommunikation per E-Mail) Sicherheitsl\u00fccken aufweisen kann. Ein l\u00fcckenloser Schutz der Daten vor dem Zugriff durch Dritte ist nicht m\u00f6glich.<\/span><\/p>\n<p class=\"font_8\" style=\"text-align: center; font-size: 14px;\">\n<p class=\"font_8\" style=\"text-align: center; font-size: 14px;\"><span style=\"font-family: poppins-extralight,poppins,sans-serif;\">Wer ist verantwortlich? An wen kann ich mich wenden?<\/span><\/p>\n<p class=\"font_8\" style=\"text-align: center; font-size: 14px;\"><span style=\"font-family: poppins-extralight,poppins,sans-serif;\">\u200b<\/span><\/p>\n<p class=\"font_8\" style=\"text-align: center; font-size: 14px;\"><span style=\"font-family: poppins-extralight,poppins,sans-serif;\">Verantwortlich f\u00fcr die Datenverarbeitung auf dieser Website ist der Seitenbetreiber (siehe auch\u00a0<span style=\"text-decoration: underline;\"><a href=\"https:\/\/www.eventxcess.de\/impressum\/\" target=\"_blank\" rel=\"noopener\">Impressum<\/a><\/span>):<\/span><\/p>\n<p class=\"font_8\" style=\"text-align: center; font-size: 14px;\">\n<p class=\"font_8\" style=\"text-align: center; font-size: 14px;\"><span style=\"font-family: poppins-extralight,poppins,sans-serif;\">HelpBEE<\/span><\/p>\n<p class=\"font_8\" style=\"text-align: center; font-size: 14px;\"><span style=\"font-family: poppins-extralight,poppins,sans-serif;\">Kristin J\u00e4ger<\/span><\/p>\n<p class=\"font_8\" style=\"text-align: center; font-size: 14px;\"><span style=\"font-family: poppins-extralight,poppins,sans-serif;\">Rudolf-Breistscheid-Allee 60<\/span><\/p>\n<p class=\"font_8\" style=\"text-align: center; font-size: 14px;\"><span style=\"font-family: poppins-extralight,poppins,sans-serif;\">15366 Neuenhagen<\/span><\/p>\n<p class=\"font_8\" style=\"text-align: center; font-size: 14px;\">\n<p class=\"font_8\" style=\"text-align: center; font-size: 14px;\"><span style=\"font-family: poppins-extralight,poppins,sans-serif;\">Immobilienmarketing, Vermittlung<br \/><\/span><\/p>\n<p class=\"font_8\" style=\"text-align: center; font-size: 14px;\">\n<p class=\"font_8\" style=\"text-align: center; font-size: 14px;\"><span style=\"font-family: poppins-extralight,poppins,sans-serif;\">Kontakt<\/span><\/p>\n<p class=\"font_8\" style=\"text-align: center; font-size: 14px;\">\n<p class=\"font_8\" style=\"text-align: center; font-size: 14px;\"><span style=\"font-family: poppins-extralight,poppins,sans-serif;\">Telefon: +49 (0) 3342 42 44 111<\/span><\/p>\n<p class=\"font_8\" style=\"text-align: center; font-size: 14px;\"><span style=\"font-family: poppins-extralight,poppins,sans-serif;\">\u200b<\/span><\/p>\n<p class=\"font_8\" style=\"text-align: center; font-size: 14px;\"><span style=\"font-family: poppins-extralight,poppins,sans-serif;\">E-Mail:<\/span><\/p>\n<div class=\"fluid-width-video-wrapper\" style=\"padding-top: 0%;\"><object name=\"fitvid0\"><a data-auto-recognition=\"true\" href=\"mailto:info@helpbee.de\">info@helpbee.de<\/a><\/object><\/div>\n<p class=\"font_8\" style=\"text-align: center; font-size: 14px;\">\n<p class=\"font_8\" style=\"text-align: center; font-size: 14px;\">\n<p class=\"font_8\" style=\"text-align: center; font-size: 14px;\">\n<p class=\"font_8\" style=\"text-align: center; font-size: 14px;\"><span style=\"font-family: poppins-extralight,poppins,sans-serif;\">Die zust\u00e4ndige Aufsichtsbeh\u00f6rde auch zur Beschwerde bei datenschutzrechtlichen Verst\u00f6\u00dfen ist der Landesdatenschutzbeaftragte des Bundeslandes, in dem der Websitebetreiber seinen Sitz hat. Hier finden Sie die Kontaktdaten:<\/span><\/p>\n<p class=\"font_8\" style=\"text-align: center; font-size: 14px;\">\n<p class=\"font_8\" style=\"text-align: center; font-size: 14px;\"><span style=\"font-family: poppins-extralight,poppins,sans-serif;\"><span style=\"text-decoration: underline;\"><a href=\"https:\/\/www.bfdi.bund.de\/DE\/Infothek\/Anschriften_Links\/anschriften_links-node.html\" target=\"_blank\" rel=\"noopener\">https:\/\/www.bfdi.bund.de\/DE\/Infothek\/Anschriften_Links\/anschriften_links-node.html<\/a><\/span><\/span><\/p>\n<p class=\"font_8\" style=\"text-align: center; font-size: 14px;\">\n<p class=\"font_8\" style=\"text-align: center; font-size: 14px;\"><span style=\"font-family: poppins-extralight,poppins,sans-serif;\">Welche Daten werden erfasst?<\/span><\/p>\n<p class=\"font_8\" style=\"text-align: center; font-size: 14px;\"><span style=\"font-family: poppins-extralight,poppins,sans-serif;\">\u200b<\/span><\/p>\n<p class=\"font_8\" style=\"text-align: center; font-size: 14px;\"><span style=\"font-family: poppins-extralight,poppins,sans-serif;\">Einerseits werden beim Besuch dieser Website technische Daten erfasst, um die Bedienung der Website und das Nutzererlebnis zu verbessern, sowie uns als Seitenbetreiber statistische Informationen zu Seitenbesuchen zu liefern. Diese Daten k\u00f6nnen von uns nicht Personen zugeordnet werden.<\/span><\/p>\n<p class=\"font_8\" style=\"text-align: center; font-size: 14px;\"><span style=\"font-family: poppins-extralight,poppins,sans-serif;\">Andererseits haben Seitenbesucher die M\u00f6glichkeit, uns Informationen \u00fcber Kontaktformulare oder Kommentarfunktionen zu \u00fcbermitteln. Diese Daten behandeln wir streng vertraulich und an den Zweck gebunden.<\/span><\/p>\n<p class=\"font_8\" style=\"text-align: center; font-size: 14px;\"><span style=\"font-family: poppins-extralight,poppins,sans-serif;\">Im Folgenden wird die Erhebung und Verarbeitung von Daten auf dieser Website n\u00e4her erl\u00e4utert.<\/span><\/p>\n<p class=\"font_8\" style=\"text-align: center; font-size: 14px;\">\n<p class=\"font_8\" style=\"text-align: center; font-size: 14px;\"><span style=\"font-family: poppins-extralight,poppins,sans-serif;\">Erhebung von Zugriffsdaten<\/span><\/p>\n<p class=\"font_8\" style=\"text-align: center; font-size: 14px;\"><span style=\"font-family: poppins-extralight,poppins,sans-serif;\">\u200b<\/span><\/p>\n<p class=\"font_8\" style=\"text-align: center; font-size: 14px;\"><span style=\"font-family: poppins-extralight,poppins,sans-serif;\">Bei jedem Zugriff auf diese Website werden so genannte Serverlogfiles gespeichert. Dazu geh\u00f6ren folgende Daten:<\/span><\/p>\n<p class=\"font_8\" style=\"text-align: center; font-size: 14px;\"><span style=\"font-family: poppins-extralight,poppins,sans-serif;\">\u00b7\u00a0 Name der aufgerufenen Website bzw. Datei<br \/>\u00b7\u00a0 Datum und Uhrzeit<br \/>\u00b7\u00a0 die \u00fcbertragene Datenmenge<br \/>\u00b7\u00a0 Meldung \u00fcber den erfolgreichen Abruf<br \/>\u00b7\u00a0 Browsertyp und Version<br \/>\u00b7\u00a0 Betriebssystem des Nutzers<br \/>\u00b7\u00a0 zuvor besuchte Seite (Referrer URL)<br \/>\u00b7\u00a0 IP-Adresse und anfragender Provider<\/span><\/p>\n<p class=\"font_8\" style=\"text-align: center; font-size: 14px;\"><span style=\"font-family: poppins-extralight,poppins,sans-serif;\">Diese Protokolldaten werden von uns keinen Personen zugeordnet, sondern nach den gesetzlichen Bestimmungen nur zur statistischen Auswertung sowie zur Sicherheit und Optimierung der Website verwendet.<\/span><\/p>\n<p class=\"font_8\" style=\"text-align: center; font-size: 14px;\">\n<p class=\"font_8\" style=\"text-align: center; font-size: 14px;\"><span style=\"font-family: poppins-extralight,poppins,sans-serif;\">Cookies<\/span><\/p>\n<p class=\"font_8\" style=\"text-align: center; font-size: 14px;\"><span style=\"font-family: poppins-extralight,poppins,sans-serif;\">Diese Website verwendet Cookies, um die Benutzerfreundlichkeit zu erh\u00f6hen. Cookies sind kleine Textdateien, die auf Ihrem Endger\u00e4t gespeichert werden und auf die Ihr Browser zugreifen kann. Falls Sie die Verwendung von Cookies nicht w\u00fcnschen, nehmen Sie bitte die entsprechenden Einstellungen in Ihrem Browser vor.<\/span><\/p>\n<p class=\"font_8\" style=\"text-align: center; font-size: 14px;\"><span style=\"font-family: poppins-extralight,poppins,sans-serif;\">\u200b<\/span><\/p>\n<p class=\"font_8\" style=\"text-align: center; font-size: 14px;\">\n<p class=\"font_8\" style=\"text-align: center; font-size: 14px;\"><span style=\"font-family: poppins-extralight,poppins,sans-serif;\">Dienste und Inhalte vom Drittanbieter Google Inc.<\/span><\/p>\n<p class=\"font_8\" style=\"text-align: center; font-size: 14px;\">\n<p class=\"font_8\" style=\"text-align: center; font-size: 14px;\"><span style=\"font-family: poppins-extralight,poppins,sans-serif;\">\u200b<\/span><\/p>\n<p class=\"font_8\" style=\"text-align: center; font-size: 14px;\"><span style=\"font-family: poppins-extralight,poppins,sans-serif;\">Diese Website verwendet Inhalte und Dienste von Drittanbietern um z.B. Schriftarten oder Stadtpl\u00e4ne darzustellen. F\u00fcr die Sendung der Informationen an die Browser der Nutzer, k\u00f6nnen diese Drittanbieter selbst Nutzerdaten wie die IP-Adresse erheben und eigene Cookies einsetzen.\u00a0Auf dieser Website kommen Dienste des Drittanbieters Google\u00a0zum Einsatz (Server in der Regel in den USA):\u00a0Google Inc.,1600 Amphitheatre Parkway, Mountain View, CA 94043, USA,\u00a0Datenschutzerkl\u00e4rung:\u00a0<span style=\"text-decoration: underline;\"><a href=\"https:\/\/www.google.com\/policies\/privacy\/\" target=\"_blank\" rel=\"noopener\">https:\/\/www.google.com\/policies\/privacy\/<\/a><\/span>, Widerspruch\/Opt-Out:\u00a0<span style=\"text-decoration: underline;\"><a href=\"https:\/\/www.google.com\/settings\/ads\/\" target=\"_blank\" rel=\"noopener\">https:\/\/www.google.com\/settings\/ads\/<\/a><\/span>.<\/span><\/p>\n<p class=\"font_8\" style=\"text-align: center; font-size: 14px;\"><span style=\"font-family: poppins-extralight,poppins,sans-serif;\">\u00b7\u00a0\u00a0<span style=\"text-decoration: underline;\"><a href=\"https:\/\/www.google.com\/fonts\" target=\"_blank\" rel=\"noopener\">Google Fonts<\/a><\/span>\u00a0f\u00fcr Schriftarten-Darstellung<\/span><\/p>\n<p class=\"font_8\" style=\"text-align: center; font-size: 14px;\"><span style=\"font-family: poppins-extralight,poppins,sans-serif;\">\u00b7\u00a0 Google Maps f\u00fcr Kartendarstellung<\/span><\/p>\n<p class=\"font_8\" style=\"text-align: center; font-size: 14px;\"><span style=\"font-family: poppins-extralight,poppins,sans-serif;\">\u00b7\u00a0 YouTube f\u00fcr Video-Darstellung<\/span><\/p>\n<p class=\"font_8\" style=\"text-align: center; font-size: 14px;\">\n<p class=\"font_8\" style=\"text-align: center; font-size: 14px;\"><span style=\"font-family: poppins-extralight,poppins,sans-serif;\">Ihre personenbezogenen Daten<\/span><\/p>\n<p class=\"font_8\" style=\"text-align: center; font-size: 14px;\"><span style=\"font-family: poppins-extralight,poppins,sans-serif;\">\u200b<\/span><\/p>\n<p class=\"font_8\" style=\"text-align: center; font-size: 14px;\"><span style=\"font-family: poppins-extralight,poppins,sans-serif;\">Wir erheben und nutzen personenbezogene Daten nur im gesetzlich erlaubten Rahmen und mit Ihrer Einwilligung. Dazu z\u00e4hlen zum Beispiel Ihr Name, Ihre E-Mail-Adresse und Ihre Telefonnummer, wenn Sie mit uns z.B. \u00fcber ein Kontaktformular auf dieser Website mit uns in Verbindung treten. Wir verwenden und speichern solche Daten ausschlie\u00dflich, um auf Ihre Anfragen zu reagieren und geben sie nicht an Dritte weiter.<\/span><\/p>\n<p class=\"font_8\" style=\"text-align: center; font-size: 14px;\">\n<p class=\"font_8\" style=\"text-align: center; font-size: 14px;\"><span style=\"font-family: poppins-extralight,poppins,sans-serif;\">Kommentieren von Beitr\u00e4gen<\/span><\/p>\n<p class=\"font_8\" style=\"text-align: center; font-size: 14px;\"><span style=\"font-family: poppins-extralight,poppins,sans-serif;\">\u200b<\/span><\/p>\n<p class=\"font_8\" style=\"text-align: center; font-size: 14px;\"><span style=\"font-family: poppins-extralight,poppins,sans-serif;\">Wenn Sie auf dieser Website einen Beitrag oder Kommentar verfassen, wird Ihre IP-Adresse gespeichert. So kann die Identit\u00e4t von Verfassern ermittelt werden, deren Beitr\u00e4ge gegen geltendes Recht versto\u00dfen.<\/span><\/p>\n<p class=\"font_8\" style=\"text-align: center; font-size: 14px;\">\n<p class=\"font_8\" style=\"text-align: center; font-size: 14px;\"><span style=\"font-family: poppins-extralight,poppins,sans-serif;\">Abonnements<\/span><\/p>\n<p class=\"font_8\" style=\"text-align: center; font-size: 14px;\"><span style=\"font-family: poppins-extralight,poppins,sans-serif;\">\u200b<\/span><\/p>\n<p class=\"font_8\" style=\"text-align: center; font-size: 14px;\"><span style=\"font-family: poppins-extralight,poppins,sans-serif;\">Auf Wunsch k\u00f6nnen Sie diese Website oder\u00a0 auf ihre Beitr\u00e4ge\u00a0folgende Kommentare\u00a0abonnieren. Dann erhalten Sie Benachrichtigungen per E-Mail \u00fcber neue Beitr\u00e4ge.<\/span><\/p>\n<p class=\"font_8\" style=\"text-align: center; font-size: 14px;\"><span style=\"font-family: poppins-extralight,poppins,sans-serif;\">Abonnieren Sie die Website oder einzelne Beitr\u00e4ge, erhalten Sie eine E-Mail, um Ihre E-Mail-Adresse zu best\u00e4tigen. Dar\u00fcber hinaus werden keine personenbezogenen Daten erhoben. Ihr Abonnement k\u00f6nnen Sie jederzeit abbestellen. Dazu enth\u00e4lt jede Benachrichtigungs-E-Mail einen entsprechenden Link. Nat\u00fcrlich geben wir Ihre E-Mail-Adresse nicht an Dritte weiter!<\/span><\/p>\n<p class=\"font_8\" style=\"text-align: center; font-size: 14px;\">\n<p class=\"font_8\" style=\"text-align: center; font-size: 14px;\"><span style=\"font-family: poppins-extralight,poppins,sans-serif;\">Auskunft \u00fcber Ihre Daten, Berichtigung und L\u00f6schung<\/span><\/p>\n<p class=\"font_8\" style=\"text-align: center; font-size: 14px;\"><span style=\"font-family: poppins-extralight,poppins,sans-serif;\">\u200b<\/span><\/p>\n<p class=\"font_8\" style=\"text-align: center; font-size: 14px;\"><span style=\"font-family: poppins-extralight,poppins,sans-serif;\">Gerne geben wir Ihnen kostenlos Auskunft dar\u00fcber, ob und welche personenbezogenen Daten wir \u00fcber Sie gespeichert haben. Auf Wunsch berichtigen oder l\u00f6schen wir Ihre personenbezogenen Daten, wenn dies nicht unseren gesetzlichen Pflichten widerspricht.<\/span><\/p>\n<p class=\"font_8\" style=\"text-align: center; font-size: 14px;\">\n<p class=\"font_8\" style=\"text-align: center; font-size: 14px;\"><span style=\"font-family: poppins-extralight,poppins,sans-serif;\">\u00c4nderungen der Datenschutzerkl\u00e4rung<\/span><\/p>\n<p class=\"font_8\" style=\"text-align: center; font-size: 14px;\"><span style=\"font-family: poppins-extralight,poppins,sans-serif;\">\u200b<\/span><\/p>\n<p class=\"font_8\" style=\"text-align: center; font-size: 14px;\"><span style=\"font-family: poppins-extralight,poppins,sans-serif;\">Falls sich die allgemeine Rechtslage oder unsere Datenverarbeitung \u00e4ndert, behalten wir uns vor, diese Datenschutzerkl\u00e4rung entsprechend anzupassen. Darum bitten wir Sie, sich regelm\u00e4\u00dfig \u00fcber \u00c4nderungen zu informieren.<\/span><\/p>\n<p class=\"font_8\" style=\"text-align: center; font-size: 14px;\"><span style=\"font-family: poppins-extralight,poppins,sans-serif;\">\u200b<\/span><\/p>\n<p>[\/et_pb_text][\/et_pb_column][\/et_pb_row][\/et_pb_section][et_pb_section fb_built=&#8220;1&#8243; _builder_version=&#8220;4.9.4&#8243; _module_preset=&#8220;default&#8220; global_module=&#8220;19153&#8243;][et_pb_row column_structure=&#8220;1_3,1_3,1_3&#8243; _builder_version=&#8220;4.9.4&#8243; _module_preset=&#8220;default&#8220;][et_pb_column type=&#8220;1_3&#8243; _builder_version=&#8220;4.9.4&#8243; _module_preset=&#8220;default&#8220;][et_pb_image src=&#8220;https:\/\/help.helpbee-immobilienmarketing.de\/wp-content\/uploads\/2021\/05\/logo-HelpBee-immo-2.png&#8220; title_text=&#8220;logo HelpBee immo (2)&#8220; align=&#8220;center&#8220; _builder_version=&#8220;4.9.4&#8243; _module_preset=&#8220;default&#8220;][\/et_pb_image][\/et_pb_column][et_pb_column type=&#8220;1_3&#8243; _builder_version=&#8220;4.9.4&#8243; _module_preset=&#8220;default&#8220;][et_pb_cta title=&#8220;HelpBEE Immobilienmarketing&#8220; _builder_version=&#8220;4.9.4&#8243; _module_preset=&#8220;default&#8220; header_font=&#8220;Open Sans|700|||||||&#8220; header_text_align=&#8220;left&#8220; header_text_color=&#8220;#000000&#8243; header_font_size=&#8220;20px&#8220; header_line_height=&#8220;1.5em&#8220; body_font=&#8220;Lato||||||||&#8220; body_text_align=&#8220;left&#8220; body_text_color=&#8220;#000000&#8243; background_color=&#8220;#FFFFFF&#8220;]<\/p>\n<p>Kristin J\u00e4ger<br \/>Rudolf-Breitscheid-Allee 60<br \/>15366 Neuenhagen<\/p>\n<p>[\/et_pb_cta][\/et_pb_column][et_pb_column type=&#8220;1_3&#8243; _builder_version=&#8220;4.9.4&#8243; _module_preset=&#8220;default&#8220;][et_pb_cta title=&#8220;Kontakt&#8220; _builder_version=&#8220;4.9.4&#8243; _module_preset=&#8220;default&#8220; header_font=&#8220;Open Sans|700|||||||&#8220; header_text_align=&#8220;left&#8220; header_text_color=&#8220;#000000&#8243; body_font=&#8220;Lato||||||||&#8220; body_text_align=&#8220;left&#8220; body_text_color=&#8220;#000000&#8243; background_color=&#8220;#FFFFFF&#8220;]<\/p>\n<p>Telefon: <a href=\"tel:+49%33424244111\">+49 3342 42 44 111<\/a><\/p>\n<p>Email: <a href=\"mailto:info@helpbee.de\">info@helpbee.de <\/a><\/p>\n<p>Mobil: <a href=\"+49%33424244111\">+49 177 88 202 17<\/a><\/p>\n<p>[\/et_pb_cta][\/et_pb_column][\/et_pb_row][\/et_pb_section]<\/p>\n","protected":false},"excerpt":{"rendered":"<p>DATENSCHUTZ \u200b Wir nehmen den Datenschutz sehr ernst. Ihre personenbezogenen Daten behandeln wir entsprechend der gesetzlichen Vorschriften vertraulich. Mit dieser Datenschutzerkl\u00e4rung m\u00f6chten wir Sie dar\u00fcber informieren, wie, warum und in welchem Umfang personenbezogene Daten durch den Betreiber dieser Website erhoben werden. Dabei gilt diese Datenschutzerkl\u00e4rung unabh\u00e4ngig davon, wie diese Website aufgerufen wird (verwendete Domains, Systeme, Plattformen und Ger\u00e4te, zum Beispiel Desktop oder Mobile). Die Nutzung unserer Webseite ist in der Regel ohne Angabe personenbezogener Daten m\u00f6glich. Soweit auf unseren Seiten personenbezogene Daten (beispielsweise Name, Anschrift oder eMail-Adressen) erhoben werden, erfolgt dies, soweit m\u00f6glich, stets auf freiwilliger Basis. Diese Daten werden ohne Ihre ausdr\u00fcckliche Zustimmung nicht an Dritte weitergegeben. \u200b Wir weisen darauf hin, dass die Daten\u00fcbertragung im Internet (z.B. bei der Kommunikation per E-Mail) Sicherheitsl\u00fccken aufweisen kann. Ein l\u00fcckenloser Schutz der Daten vor dem Zugriff durch Dritte ist nicht m\u00f6glich. Wer ist verantwortlich? An wen kann ich mich wenden? \u200b Verantwortlich f\u00fcr die Datenverarbeitung auf dieser Website ist der Seitenbetreiber (siehe auch\u00a0Impressum): HelpBEE Kristin J\u00e4ger Rudolf-Breistscheid-Allee 60 15366 Neuenhagen Immobilienmarketing, Vermittlung Kontakt Telefon: +49 (0) 3342 42 44 111 \u200b E-Mail: info@helpbee.de Die zust\u00e4ndige Aufsichtsbeh\u00f6rde auch zur Beschwerde bei datenschutzrechtlichen Verst\u00f6\u00dfen ist der Landesdatenschutzbeaftragte des Bundeslandes, in dem der Websitebetreiber [&hellip;]<\/p>\n","protected":false},"author":1,"featured_media":0,"parent":0,"menu_order":0,"comment_status":"closed","ping_status":"closed","template":"","meta":{"_et_pb_use_builder":"on","_et_pb_old_content":"","_et_gb_content_width":"","footnotes":""},"class_list":["post-19163","page","type-page","status-publish","hentry"],"_links":{"self":[{"href":"https:\/\/help.helpbee-immobilienmarketing.de\/index.php?rest_route=\/wp\/v2\/pages\/19163","targetHints":{"allow":["GET"]}}],"collection":[{"href":"https:\/\/help.helpbee-immobilienmarketing.de\/index.php?rest_route=\/wp\/v2\/pages"}],"about":[{"href":"https:\/\/help.helpbee-immobilienmarketing.de\/index.php?rest_route=\/wp\/v2\/types\/page"}],"author":[{"embeddable":true,"href":"https:\/\/help.helpbee-immobilienmarketing.de\/index.php?rest_route=\/wp\/v2\/users\/1"}],"replies":[{"embeddable":true,"href":"https:\/\/help.helpbee-immobilienmarketing.de\/index.php?rest_route=%2Fwp%2Fv2%2Fcomments&post=19163"}],"version-history":[{"count":2,"href":"https:\/\/help.helpbee-immobilienmarketing.de\/index.php?rest_route=\/wp\/v2\/pages\/19163\/revisions"}],"predecessor-version":[{"id":19166,"href":"https:\/\/help.helpbee-immobilienmarketing.de\/index.php?rest_route=\/wp\/v2\/pages\/19163\/revisions\/19166"}],"wp:attachment":[{"href":"https:\/\/help.helpbee-immobilienmarketing.de\/index.php?rest_route=%2Fwp%2Fv2%2Fmedia&parent=19163"}],"curies":[{"name":"wp","href":"https:\/\/api.w.org\/{rel}","templated":true}]}}